{"id":374,"date":"2024-03-19T19:43:15","date_gmt":"2024-03-19T19:43:15","guid":{"rendered":"https:\/\/biogal.mx\/?post_type=product&#038;p=374"},"modified":"2024-03-25T22:49:09","modified_gmt":"2024-03-25T22:49:09","slug":"bio-alc","status":"publish","type":"product","link":"https:\/\/biogal.mx\/?product=bio-alc","title":{"rendered":"BIO-ALC"},"content":{"rendered":"<p>Detergente liquido de baja espuma, eliminador de materia org\u00e1nica, eficiente en aguas duras y de f\u00e1cil enjuague. Activo: Hidr\u00f3xido Caustico. Disponible en presentaci\u00f3n de porr\u00f3n de 20 kilos y gal\u00f3n de 4 kilos.<\/p>\n","protected":false},"excerpt":{"rendered":"<p>Detergente liquido de baja espuma, eliminador de materia org\u00e1nica, eficiente en aguas duras y de f\u00e1cil enjuague. Activo: Hidr\u00f3xido Caustico. Disponible en presentaci\u00f3n de porr\u00f3n de 20 kilos y gal\u00f3n de 4 kilos.<\/p>\n","protected":false},"featured_media":495,"comment_status":"open","ping_status":"closed","template":"","meta":{"_et_pb_use_builder":"","_et_pb_old_content":"","_et_gb_content_width":"","_uag_custom_page_level_css":"","_monsterinsights_skip_tracking":false,"_monsterinsights_sitenote_active":false,"_monsterinsights_sitenote_note":"","_monsterinsights_sitenote_category":0},"product_brand":[],"product_cat":[22],"product_tag":[],"class_list":{"0":"post-374","1":"product","2":"type-product","3":"status-publish","4":"has-post-thumbnail","6":"product_cat-industria-alimentaria-y-cerveceria","8":"first","9":"instock","10":"shipping-taxable","11":"product-type-simple"},"aioseo_notices":[],"uagb_featured_image_src":{"full":["https:\/\/biogal.mx\/wp-content\/uploads\/2024\/03\/BIO-ALC.jpg",412,514,false],"thumbnail":["https:\/\/biogal.mx\/wp-content\/uploads\/2024\/03\/BIO-ALC-150x150.jpg",150,150,true],"medium":["https:\/\/biogal.mx\/wp-content\/uploads\/2024\/03\/BIO-ALC-240x300.jpg",240,300,true],"medium_large":["https:\/\/biogal.mx\/wp-content\/uploads\/2024\/03\/BIO-ALC.jpg",412,514,false],"large":["https:\/\/biogal.mx\/wp-content\/uploads\/2024\/03\/BIO-ALC.jpg",412,514,false],"1536x1536":["https:\/\/biogal.mx\/wp-content\/uploads\/2024\/03\/BIO-ALC.jpg",412,514,false],"2048x2048":["https:\/\/biogal.mx\/wp-content\/uploads\/2024\/03\/BIO-ALC.jpg",412,514,false],"et-pb-post-main-image":["https:\/\/biogal.mx\/wp-content\/uploads\/2024\/03\/BIO-ALC-400x250.jpg",400,250,true],"et-pb-post-main-image-fullwidth":["https:\/\/biogal.mx\/wp-content\/uploads\/2024\/03\/BIO-ALC.jpg",412,514,false],"et-pb-portfolio-image":["https:\/\/biogal.mx\/wp-content\/uploads\/2024\/03\/BIO-ALC-400x284.jpg",400,284,true],"et-pb-portfolio-module-image":["https:\/\/biogal.mx\/wp-content\/uploads\/2024\/03\/BIO-ALC-412x382.jpg",412,382,true],"et-pb-portfolio-image-single":["https:\/\/biogal.mx\/wp-content\/uploads\/2024\/03\/BIO-ALC.jpg",412,514,false],"et-pb-gallery-module-image-portrait":["https:\/\/biogal.mx\/wp-content\/uploads\/2024\/03\/BIO-ALC-400x514.jpg",400,514,true],"et-pb-post-main-image-fullwidth-large":["https:\/\/biogal.mx\/wp-content\/uploads\/2024\/03\/BIO-ALC.jpg",412,514,false],"et-pb-image--responsive--desktop":["https:\/\/biogal.mx\/wp-content\/uploads\/2024\/03\/BIO-ALC.jpg",412,514,false],"et-pb-image--responsive--tablet":["https:\/\/biogal.mx\/wp-content\/uploads\/2024\/03\/BIO-ALC.jpg",412,514,false],"et-pb-image--responsive--phone":["https:\/\/biogal.mx\/wp-content\/uploads\/2024\/03\/BIO-ALC.jpg",216,270,false],"woocommerce_thumbnail":["https:\/\/biogal.mx\/wp-content\/uploads\/2024\/03\/BIO-ALC-300x300.jpg",300,300,true],"woocommerce_single":["https:\/\/biogal.mx\/wp-content\/uploads\/2024\/03\/BIO-ALC.jpg",412,514,false],"woocommerce_gallery_thumbnail":["https:\/\/biogal.mx\/wp-content\/uploads\/2024\/03\/BIO-ALC-100x100.jpg",100,100,true]},"uagb_author_info":{"display_name":"biogal.mx","author_link":"https:\/\/biogal.mx\/?author=0"},"uagb_comment_info":0,"uagb_excerpt":"Detergente liquido de baja espuma, eliminador de materia org\u00e1nica, eficiente en aguas duras y de f\u00e1cil enjuague. Activo: Hidr\u00f3xido Caustico. Disponible en presentaci\u00f3n de porr\u00f3n de 20 kilos y gal\u00f3n de 4 kilos.","jetpack_sharing_enabled":true,"_links":{"self":[{"href":"https:\/\/biogal.mx\/index.php?rest_route=\/wp\/v2\/product\/374","targetHints":{"allow":["GET"]}}],"collection":[{"href":"https:\/\/biogal.mx\/index.php?rest_route=\/wp\/v2\/product"}],"about":[{"href":"https:\/\/biogal.mx\/index.php?rest_route=\/wp\/v2\/types\/product"}],"replies":[{"embeddable":true,"href":"https:\/\/biogal.mx\/index.php?rest_route=%2Fwp%2Fv2%2Fcomments&post=374"}],"wp:featuredmedia":[{"embeddable":true,"href":"https:\/\/biogal.mx\/index.php?rest_route=\/wp\/v2\/media\/495"}],"wp:attachment":[{"href":"https:\/\/biogal.mx\/index.php?rest_route=%2Fwp%2Fv2%2Fmedia&parent=374"}],"wp:term":[{"taxonomy":"product_brand","embeddable":true,"href":"https:\/\/biogal.mx\/index.php?rest_route=%2Fwp%2Fv2%2Fproduct_brand&post=374"},{"taxonomy":"product_cat","embeddable":true,"href":"https:\/\/biogal.mx\/index.php?rest_route=%2Fwp%2Fv2%2Fproduct_cat&post=374"},{"taxonomy":"product_tag","embeddable":true,"href":"https:\/\/biogal.mx\/index.php?rest_route=%2Fwp%2Fv2%2Fproduct_tag&post=374"}],"curies":[{"name":"wp","href":"https:\/\/api.w.org\/{rel}","templated":true}]}}