{"id":370,"date":"2024-03-19T19:14:27","date_gmt":"2024-03-19T19:14:27","guid":{"rendered":"https:\/\/biogal.mx\/?post_type=product&#038;p=370"},"modified":"2024-03-19T19:14:27","modified_gmt":"2024-03-19T19:14:27","slug":"detergente-p-3000-p","status":"publish","type":"product","link":"https:\/\/biogal.mx\/?product=detergente-p-3000-p","title":{"rendered":"Detergente P-3000-P"},"content":{"rendered":"<p>Producto ligeramente alcalino, efectivo frente a todo tipo de suciedad, compuesto de sustancias detergentes, secuestradores y antiredepositantes de grasa y mugre. Por su f\u00f3rmula especial, permite resolver problemas dif\u00edciles en el lavado de todo tipo de ropa. Disponible en presentaci\u00f3n de bulto de 20 kilos.<\/p>\n","protected":false},"excerpt":{"rendered":"<p>Producto ligeramente alcalino, efectivo frente a todo tipo de suciedad, permite resolver problemas dif\u00edciles en el lavado de todo tipo de ropa. Disponible en presentaci\u00f3n de bulto de 20 kilos.<\/p>\n","protected":false},"featured_media":308,"comment_status":"open","ping_status":"closed","template":"","meta":{"_et_pb_use_builder":"","_et_pb_old_content":"","_et_gb_content_width":"","_uag_custom_page_level_css":"","_monsterinsights_skip_tracking":false,"_monsterinsights_sitenote_active":false,"_monsterinsights_sitenote_note":"","_monsterinsights_sitenote_category":0},"product_brand":[],"product_cat":[15],"product_tag":[],"class_list":{"0":"post-370","1":"product","2":"type-product","3":"status-publish","4":"has-post-thumbnail","6":"product_cat-lavanderia","8":"first","9":"instock","10":"shipping-taxable","11":"product-type-simple"},"aioseo_notices":[],"uagb_featured_image_src":{"full":["https:\/\/biogal.mx\/wp-content\/uploads\/2024\/03\/P-3000-P-detergente-desengrasante.png",313,440,false],"thumbnail":["https:\/\/biogal.mx\/wp-content\/uploads\/2024\/03\/P-3000-P-detergente-desengrasante-150x150.png",150,150,true],"medium":["https:\/\/biogal.mx\/wp-content\/uploads\/2024\/03\/P-3000-P-detergente-desengrasante-213x300.png",213,300,true],"medium_large":["https:\/\/biogal.mx\/wp-content\/uploads\/2024\/03\/P-3000-P-detergente-desengrasante.png",313,440,false],"large":["https:\/\/biogal.mx\/wp-content\/uploads\/2024\/03\/P-3000-P-detergente-desengrasante.png",313,440,false],"1536x1536":["https:\/\/biogal.mx\/wp-content\/uploads\/2024\/03\/P-3000-P-detergente-desengrasante.png",313,440,false],"2048x2048":["https:\/\/biogal.mx\/wp-content\/uploads\/2024\/03\/P-3000-P-detergente-desengrasante.png",313,440,false],"et-pb-post-main-image":["https:\/\/biogal.mx\/wp-content\/uploads\/2024\/03\/P-3000-P-detergente-desengrasante-313x250.png",313,250,true],"et-pb-post-main-image-fullwidth":["https:\/\/biogal.mx\/wp-content\/uploads\/2024\/03\/P-3000-P-detergente-desengrasante.png",313,440,false],"et-pb-portfolio-image":["https:\/\/biogal.mx\/wp-content\/uploads\/2024\/03\/P-3000-P-detergente-desengrasante-313x284.png",313,284,true],"et-pb-portfolio-module-image":["https:\/\/biogal.mx\/wp-content\/uploads\/2024\/03\/P-3000-P-detergente-desengrasante-313x382.png",313,382,true],"et-pb-portfolio-image-single":["https:\/\/biogal.mx\/wp-content\/uploads\/2024\/03\/P-3000-P-detergente-desengrasante.png",313,440,false],"et-pb-gallery-module-image-portrait":["https:\/\/biogal.mx\/wp-content\/uploads\/2024\/03\/P-3000-P-detergente-desengrasante.png",313,440,false],"et-pb-post-main-image-fullwidth-large":["https:\/\/biogal.mx\/wp-content\/uploads\/2024\/03\/P-3000-P-detergente-desengrasante.png",313,440,false],"et-pb-image--responsive--desktop":["https:\/\/biogal.mx\/wp-content\/uploads\/2024\/03\/P-3000-P-detergente-desengrasante.png",313,440,false],"et-pb-image--responsive--tablet":["https:\/\/biogal.mx\/wp-content\/uploads\/2024\/03\/P-3000-P-detergente-desengrasante.png",313,440,false],"et-pb-image--responsive--phone":["https:\/\/biogal.mx\/wp-content\/uploads\/2024\/03\/P-3000-P-detergente-desengrasante.png",192,270,false],"woocommerce_thumbnail":["https:\/\/biogal.mx\/wp-content\/uploads\/2024\/03\/P-3000-P-detergente-desengrasante-300x300.png",300,300,true],"woocommerce_single":["https:\/\/biogal.mx\/wp-content\/uploads\/2024\/03\/P-3000-P-detergente-desengrasante.png",313,440,false],"woocommerce_gallery_thumbnail":["https:\/\/biogal.mx\/wp-content\/uploads\/2024\/03\/P-3000-P-detergente-desengrasante-100x100.png",100,100,true]},"uagb_author_info":{"display_name":"biogal.mx","author_link":"https:\/\/biogal.mx\/?author=0"},"uagb_comment_info":0,"uagb_excerpt":"Producto ligeramente alcalino, efectivo frente a todo tipo de suciedad, permite resolver problemas dif\u00edciles en el lavado de todo tipo de ropa. Disponible en presentaci\u00f3n de bulto de 20 kilos.","jetpack_sharing_enabled":true,"_links":{"self":[{"href":"https:\/\/biogal.mx\/index.php?rest_route=\/wp\/v2\/product\/370","targetHints":{"allow":["GET"]}}],"collection":[{"href":"https:\/\/biogal.mx\/index.php?rest_route=\/wp\/v2\/product"}],"about":[{"href":"https:\/\/biogal.mx\/index.php?rest_route=\/wp\/v2\/types\/product"}],"replies":[{"embeddable":true,"href":"https:\/\/biogal.mx\/index.php?rest_route=%2Fwp%2Fv2%2Fcomments&post=370"}],"wp:featuredmedia":[{"embeddable":true,"href":"https:\/\/biogal.mx\/index.php?rest_route=\/wp\/v2\/media\/308"}],"wp:attachment":[{"href":"https:\/\/biogal.mx\/index.php?rest_route=%2Fwp%2Fv2%2Fmedia&parent=370"}],"wp:term":[{"taxonomy":"product_brand","embeddable":true,"href":"https:\/\/biogal.mx\/index.php?rest_route=%2Fwp%2Fv2%2Fproduct_brand&post=370"},{"taxonomy":"product_cat","embeddable":true,"href":"https:\/\/biogal.mx\/index.php?rest_route=%2Fwp%2Fv2%2Fproduct_cat&post=370"},{"taxonomy":"product_tag","embeddable":true,"href":"https:\/\/biogal.mx\/index.php?rest_route=%2Fwp%2Fv2%2Fproduct_tag&post=370"}],"curies":[{"name":"wp","href":"https:\/\/api.w.org\/{rel}","templated":true}]}}