{"id":369,"date":"2024-03-19T19:12:16","date_gmt":"2024-03-19T19:12:16","guid":{"rendered":"https:\/\/biogal.mx\/?post_type=product&#038;p=369"},"modified":"2024-03-19T19:12:16","modified_gmt":"2024-03-19T19:12:16","slug":"detergente-alcalino-p-2000-p","status":"publish","type":"product","link":"https:\/\/biogal.mx\/?product=detergente-alcalino-p-2000-p","title":{"rendered":"Detergente Alcalino P-2000-P"},"content":{"rendered":"<p>Detergente de alta alcalinidad, especialmente dise\u00f1ado para la etapa de prelavado, ayuda a remover con mayor facilidad las manchas en ropa con alto grado de suciedad. Formulado para ropa de hospital, industrial (overoles), ropa de restaurante (manteler\u00eda), etc. Disponible en presentaci\u00f3n de bulto de 20 kilos.<\/p>\n","protected":false},"excerpt":{"rendered":"<p>Detergente de alta alcalinidad, dise\u00f1ado para la etapa de prelavado, Formulado para ropa de hospital, industrial (overoles), ropa de restaurante (manteler\u00eda), etc. Disponible en presentaci\u00f3n de bulto de 20 kilos.<\/p>\n","protected":false},"featured_media":309,"comment_status":"open","ping_status":"closed","template":"","meta":{"_et_pb_use_builder":"","_et_pb_old_content":"","_et_gb_content_width":"","_uag_custom_page_level_css":"","_monsterinsights_skip_tracking":false,"_monsterinsights_sitenote_active":false,"_monsterinsights_sitenote_note":"","_monsterinsights_sitenote_category":0},"product_brand":[],"product_cat":[15],"product_tag":[],"class_list":{"0":"post-369","1":"product","2":"type-product","3":"status-publish","4":"has-post-thumbnail","6":"product_cat-lavanderia","8":"first","9":"instock","10":"shipping-taxable","11":"product-type-simple"},"aioseo_notices":[],"uagb_featured_image_src":{"full":["https:\/\/biogal.mx\/wp-content\/uploads\/2024\/03\/P-2000-P-detergente-alcalino.png",313,440,false],"thumbnail":["https:\/\/biogal.mx\/wp-content\/uploads\/2024\/03\/P-2000-P-detergente-alcalino-150x150.png",150,150,true],"medium":["https:\/\/biogal.mx\/wp-content\/uploads\/2024\/03\/P-2000-P-detergente-alcalino-213x300.png",213,300,true],"medium_large":["https:\/\/biogal.mx\/wp-content\/uploads\/2024\/03\/P-2000-P-detergente-alcalino.png",313,440,false],"large":["https:\/\/biogal.mx\/wp-content\/uploads\/2024\/03\/P-2000-P-detergente-alcalino.png",313,440,false],"1536x1536":["https:\/\/biogal.mx\/wp-content\/uploads\/2024\/03\/P-2000-P-detergente-alcalino.png",313,440,false],"2048x2048":["https:\/\/biogal.mx\/wp-content\/uploads\/2024\/03\/P-2000-P-detergente-alcalino.png",313,440,false],"et-pb-post-main-image":["https:\/\/biogal.mx\/wp-content\/uploads\/2024\/03\/P-2000-P-detergente-alcalino-313x250.png",313,250,true],"et-pb-post-main-image-fullwidth":["https:\/\/biogal.mx\/wp-content\/uploads\/2024\/03\/P-2000-P-detergente-alcalino.png",313,440,false],"et-pb-portfolio-image":["https:\/\/biogal.mx\/wp-content\/uploads\/2024\/03\/P-2000-P-detergente-alcalino-313x284.png",313,284,true],"et-pb-portfolio-module-image":["https:\/\/biogal.mx\/wp-content\/uploads\/2024\/03\/P-2000-P-detergente-alcalino-313x382.png",313,382,true],"et-pb-portfolio-image-single":["https:\/\/biogal.mx\/wp-content\/uploads\/2024\/03\/P-2000-P-detergente-alcalino.png",313,440,false],"et-pb-gallery-module-image-portrait":["https:\/\/biogal.mx\/wp-content\/uploads\/2024\/03\/P-2000-P-detergente-alcalino.png",313,440,false],"et-pb-post-main-image-fullwidth-large":["https:\/\/biogal.mx\/wp-content\/uploads\/2024\/03\/P-2000-P-detergente-alcalino.png",313,440,false],"et-pb-image--responsive--desktop":["https:\/\/biogal.mx\/wp-content\/uploads\/2024\/03\/P-2000-P-detergente-alcalino.png",313,440,false],"et-pb-image--responsive--tablet":["https:\/\/biogal.mx\/wp-content\/uploads\/2024\/03\/P-2000-P-detergente-alcalino.png",313,440,false],"et-pb-image--responsive--phone":["https:\/\/biogal.mx\/wp-content\/uploads\/2024\/03\/P-2000-P-detergente-alcalino.png",192,270,false],"woocommerce_thumbnail":["https:\/\/biogal.mx\/wp-content\/uploads\/2024\/03\/P-2000-P-detergente-alcalino-300x300.png",300,300,true],"woocommerce_single":["https:\/\/biogal.mx\/wp-content\/uploads\/2024\/03\/P-2000-P-detergente-alcalino.png",313,440,false],"woocommerce_gallery_thumbnail":["https:\/\/biogal.mx\/wp-content\/uploads\/2024\/03\/P-2000-P-detergente-alcalino-100x100.png",100,100,true]},"uagb_author_info":{"display_name":"biogal.mx","author_link":"https:\/\/biogal.mx\/?author=0"},"uagb_comment_info":0,"uagb_excerpt":"Detergente de alta alcalinidad, dise\u00f1ado para la etapa de prelavado, Formulado para ropa de hospital, industrial (overoles), ropa de restaurante (manteler\u00eda), etc. Disponible en presentaci\u00f3n de bulto de 20 kilos.","jetpack_sharing_enabled":true,"_links":{"self":[{"href":"https:\/\/biogal.mx\/index.php?rest_route=\/wp\/v2\/product\/369","targetHints":{"allow":["GET"]}}],"collection":[{"href":"https:\/\/biogal.mx\/index.php?rest_route=\/wp\/v2\/product"}],"about":[{"href":"https:\/\/biogal.mx\/index.php?rest_route=\/wp\/v2\/types\/product"}],"replies":[{"embeddable":true,"href":"https:\/\/biogal.mx\/index.php?rest_route=%2Fwp%2Fv2%2Fcomments&post=369"}],"wp:featuredmedia":[{"embeddable":true,"href":"https:\/\/biogal.mx\/index.php?rest_route=\/wp\/v2\/media\/309"}],"wp:attachment":[{"href":"https:\/\/biogal.mx\/index.php?rest_route=%2Fwp%2Fv2%2Fmedia&parent=369"}],"wp:term":[{"taxonomy":"product_brand","embeddable":true,"href":"https:\/\/biogal.mx\/index.php?rest_route=%2Fwp%2Fv2%2Fproduct_brand&post=369"},{"taxonomy":"product_cat","embeddable":true,"href":"https:\/\/biogal.mx\/index.php?rest_route=%2Fwp%2Fv2%2Fproduct_cat&post=369"},{"taxonomy":"product_tag","embeddable":true,"href":"https:\/\/biogal.mx\/index.php?rest_route=%2Fwp%2Fv2%2Fproduct_tag&post=369"}],"curies":[{"name":"wp","href":"https:\/\/api.w.org\/{rel}","templated":true}]}}