{"id":360,"date":"2024-03-19T18:04:17","date_gmt":"2024-03-19T18:04:17","guid":{"rendered":"https:\/\/biogal.mx\/?post_type=product&#038;p=360"},"modified":"2025-06-09T07:33:56","modified_gmt":"2025-06-09T07:33:56","slug":"alcohol-sanitizante","status":"publish","type":"product","link":"https:\/\/biogal.mx\/?product=alcohol-sanitizante","title":{"rendered":"Alcohol Sanitizante"},"content":{"rendered":"<p>Gel antibacterial con alcohol sanitizante de acci\u00f3n antiseptica y germicida, elimina el 99% de los virus y bacterias. Disponible en presentaci\u00f3n de porr\u00f3n de 20 litros.<\/p>\n","protected":false},"excerpt":{"rendered":"<p>Gel antibacterial con alcohol sanitizante de acci\u00f3n antiseptica y germicida, elimina el 99% de los virus y bacterias. Disponible en presentaci\u00f3n de porr\u00f3n de 20 litros.<\/p>\n","protected":false},"featured_media":336,"comment_status":"open","ping_status":"closed","template":"","meta":{"_et_pb_use_builder":"","_et_pb_old_content":"","_et_gb_content_width":"","_uag_custom_page_level_css":"","_monsterinsights_skip_tracking":false,"_monsterinsights_sitenote_active":false,"_monsterinsights_sitenote_note":"","_monsterinsights_sitenote_category":0},"product_brand":[],"product_cat":[23],"product_tag":[],"class_list":{"0":"post-360","1":"product","2":"type-product","3":"status-publish","4":"has-post-thumbnail","6":"product_cat-limpieza-general","8":"first","9":"instock","10":"shipping-taxable","11":"product-type-simple"},"aioseo_notices":[],"uagb_featured_image_src":{"full":["https:\/\/biogal.mx\/wp-content\/uploads\/2024\/03\/alcohol-sanitizante.png",300,374,false],"thumbnail":["https:\/\/biogal.mx\/wp-content\/uploads\/2024\/03\/alcohol-sanitizante.png",120,150,false],"medium":["https:\/\/biogal.mx\/wp-content\/uploads\/2024\/03\/alcohol-sanitizante.png",241,300,false],"medium_large":["https:\/\/biogal.mx\/wp-content\/uploads\/2024\/03\/alcohol-sanitizante.png",300,374,false],"large":["https:\/\/biogal.mx\/wp-content\/uploads\/2024\/03\/alcohol-sanitizante.png",300,374,false],"1536x1536":["https:\/\/biogal.mx\/wp-content\/uploads\/2024\/03\/alcohol-sanitizante.png",300,374,false],"2048x2048":["https:\/\/biogal.mx\/wp-content\/uploads\/2024\/03\/alcohol-sanitizante.png",300,374,false],"et-pb-post-main-image":["https:\/\/biogal.mx\/wp-content\/uploads\/2024\/03\/alcohol-sanitizante.png",201,250,false],"et-pb-post-main-image-fullwidth":["https:\/\/biogal.mx\/wp-content\/uploads\/2024\/03\/alcohol-sanitizante.png",300,374,false],"et-pb-portfolio-image":["https:\/\/biogal.mx\/wp-content\/uploads\/2024\/03\/alcohol-sanitizante.png",228,284,false],"et-pb-portfolio-module-image":["https:\/\/biogal.mx\/wp-content\/uploads\/2024\/03\/alcohol-sanitizante.png",300,374,false],"et-pb-portfolio-image-single":["https:\/\/biogal.mx\/wp-content\/uploads\/2024\/03\/alcohol-sanitizante.png",300,374,false],"et-pb-gallery-module-image-portrait":["https:\/\/biogal.mx\/wp-content\/uploads\/2024\/03\/alcohol-sanitizante.png",300,374,false],"et-pb-post-main-image-fullwidth-large":["https:\/\/biogal.mx\/wp-content\/uploads\/2024\/03\/alcohol-sanitizante.png",300,374,false],"et-pb-image--responsive--desktop":["https:\/\/biogal.mx\/wp-content\/uploads\/2024\/03\/alcohol-sanitizante.png",300,374,false],"et-pb-image--responsive--tablet":["https:\/\/biogal.mx\/wp-content\/uploads\/2024\/03\/alcohol-sanitizante.png",300,374,false],"et-pb-image--responsive--phone":["https:\/\/biogal.mx\/wp-content\/uploads\/2024\/03\/alcohol-sanitizante.png",217,270,false],"woocommerce_thumbnail":["https:\/\/biogal.mx\/wp-content\/uploads\/2024\/03\/alcohol-sanitizante-300x300.png",300,300,true],"woocommerce_single":["https:\/\/biogal.mx\/wp-content\/uploads\/2024\/03\/alcohol-sanitizante.png",300,374,false],"woocommerce_gallery_thumbnail":["https:\/\/biogal.mx\/wp-content\/uploads\/2024\/03\/alcohol-sanitizante-100x100.png",100,100,true]},"uagb_author_info":{"display_name":"biogal.mx","author_link":"https:\/\/biogal.mx\/?author=0"},"uagb_comment_info":12,"uagb_excerpt":"Gel antibacterial con alcohol sanitizante de acci\u00f3n antiseptica y germicida, elimina el 99% de los virus y bacterias. Disponible en presentaci\u00f3n de porr\u00f3n de 20 litros.","jetpack_sharing_enabled":true,"_links":{"self":[{"href":"https:\/\/biogal.mx\/index.php?rest_route=\/wp\/v2\/product\/360","targetHints":{"allow":["GET"]}}],"collection":[{"href":"https:\/\/biogal.mx\/index.php?rest_route=\/wp\/v2\/product"}],"about":[{"href":"https:\/\/biogal.mx\/index.php?rest_route=\/wp\/v2\/types\/product"}],"replies":[{"embeddable":true,"href":"https:\/\/biogal.mx\/index.php?rest_route=%2Fwp%2Fv2%2Fcomments&post=360"}],"wp:featuredmedia":[{"embeddable":true,"href":"https:\/\/biogal.mx\/index.php?rest_route=\/wp\/v2\/media\/336"}],"wp:attachment":[{"href":"https:\/\/biogal.mx\/index.php?rest_route=%2Fwp%2Fv2%2Fmedia&parent=360"}],"wp:term":[{"taxonomy":"product_brand","embeddable":true,"href":"https:\/\/biogal.mx\/index.php?rest_route=%2Fwp%2Fv2%2Fproduct_brand&post=360"},{"taxonomy":"product_cat","embeddable":true,"href":"https:\/\/biogal.mx\/index.php?rest_route=%2Fwp%2Fv2%2Fproduct_cat&post=360"},{"taxonomy":"product_tag","embeddable":true,"href":"https:\/\/biogal.mx\/index.php?rest_route=%2Fwp%2Fv2%2Fproduct_tag&post=360"}],"curies":[{"name":"wp","href":"https:\/\/api.w.org\/{rel}","templated":true}]}}