{"id":349,"date":"2024-03-19T17:24:28","date_gmt":"2024-03-19T17:24:28","guid":{"rendered":"https:\/\/biogal.mx\/?post_type=product&#038;p=349"},"modified":"2024-03-19T17:24:28","modified_gmt":"2024-03-19T17:24:28","slug":"limpiador-multiusos","status":"publish","type":"product","link":"https:\/\/biogal.mx\/?product=limpiador-multiusos","title":{"rendered":"Limpiador Multiusos"},"content":{"rendered":"<p>Elimina f\u00e1cilmente suciedad que se adhiere a cualquier tipo de superficie como maderas y laminados, m\u00e1rmol y granito, efectivo limpiador, propio para ser usado en cocinas, patios oficinas, \u00e1reas p\u00fablicas, ba\u00f1os, hoteles y en general en cualquier superficie donde se desee eliminar suciedad dejando un agradable aroma. Elimina manchas de grasa o aceite incrustados en pisos, cocinas, estufas, hornos, etc. Elimina f\u00e1cilmente los g\u00e9rmenes que se adhieren a cualquier tipos de superficie. Disponible en presentaci\u00f3n de porr\u00f3n de 20 litros.<\/p>\n","protected":false},"excerpt":{"rendered":"<p>Elimina f\u00e1cilmente suciedad, manchas de grasa o aceite que se adhiere a cualquier tipo de superficie como maderas y laminados, m\u00e1rmol y granito, cocinas, patios oficinas, \u00e1reas p\u00fablicas, ba\u00f1os, hoteles y en general. Elimina f\u00e1cilmente los g\u00e9rmenes que se adhieren a cualquier tipos de superficie. Disponible en presentaci\u00f3n de porr\u00f3n de 20 litros.<\/p>\n","protected":false},"featured_media":312,"comment_status":"open","ping_status":"closed","template":"","meta":{"_et_pb_use_builder":"","_et_pb_old_content":"","_et_gb_content_width":"","_uag_custom_page_level_css":"","_monsterinsights_skip_tracking":false,"_monsterinsights_sitenote_active":false,"_monsterinsights_sitenote_note":"","_monsterinsights_sitenote_category":0},"product_brand":[],"product_cat":[23],"product_tag":[],"class_list":{"0":"post-349","1":"product","2":"type-product","3":"status-publish","4":"has-post-thumbnail","6":"product_cat-limpieza-general","8":"first","9":"instock","10":"shipping-taxable","11":"product-type-simple"},"aioseo_notices":[],"uagb_featured_image_src":{"full":["https:\/\/biogal.mx\/wp-content\/uploads\/2024\/03\/limpiador-multiusos-1.png",300,374,false],"thumbnail":["https:\/\/biogal.mx\/wp-content\/uploads\/2024\/03\/limpiador-multiusos-1-150x150.png",150,150,true],"medium":["https:\/\/biogal.mx\/wp-content\/uploads\/2024\/03\/limpiador-multiusos-1-241x300.png",241,300,true],"medium_large":["https:\/\/biogal.mx\/wp-content\/uploads\/2024\/03\/limpiador-multiusos-1.png",300,374,false],"large":["https:\/\/biogal.mx\/wp-content\/uploads\/2024\/03\/limpiador-multiusos-1.png",300,374,false],"1536x1536":["https:\/\/biogal.mx\/wp-content\/uploads\/2024\/03\/limpiador-multiusos-1.png",300,374,false],"2048x2048":["https:\/\/biogal.mx\/wp-content\/uploads\/2024\/03\/limpiador-multiusos-1.png",300,374,false],"et-pb-post-main-image":["https:\/\/biogal.mx\/wp-content\/uploads\/2024\/03\/limpiador-multiusos-1-300x250.png",300,250,true],"et-pb-post-main-image-fullwidth":["https:\/\/biogal.mx\/wp-content\/uploads\/2024\/03\/limpiador-multiusos-1.png",300,374,false],"et-pb-portfolio-image":["https:\/\/biogal.mx\/wp-content\/uploads\/2024\/03\/limpiador-multiusos-1-300x284.png",300,284,true],"et-pb-portfolio-module-image":["https:\/\/biogal.mx\/wp-content\/uploads\/2024\/03\/limpiador-multiusos-1.png",300,374,false],"et-pb-portfolio-image-single":["https:\/\/biogal.mx\/wp-content\/uploads\/2024\/03\/limpiador-multiusos-1.png",300,374,false],"et-pb-gallery-module-image-portrait":["https:\/\/biogal.mx\/wp-content\/uploads\/2024\/03\/limpiador-multiusos-1.png",300,374,false],"et-pb-post-main-image-fullwidth-large":["https:\/\/biogal.mx\/wp-content\/uploads\/2024\/03\/limpiador-multiusos-1.png",300,374,false],"et-pb-image--responsive--desktop":["https:\/\/biogal.mx\/wp-content\/uploads\/2024\/03\/limpiador-multiusos-1.png",300,374,false],"et-pb-image--responsive--tablet":["https:\/\/biogal.mx\/wp-content\/uploads\/2024\/03\/limpiador-multiusos-1.png",300,374,false],"et-pb-image--responsive--phone":["https:\/\/biogal.mx\/wp-content\/uploads\/2024\/03\/limpiador-multiusos-1.png",217,270,false],"woocommerce_thumbnail":["https:\/\/biogal.mx\/wp-content\/uploads\/2024\/03\/limpiador-multiusos-1-300x300.png",300,300,true],"woocommerce_single":["https:\/\/biogal.mx\/wp-content\/uploads\/2024\/03\/limpiador-multiusos-1.png",300,374,false],"woocommerce_gallery_thumbnail":["https:\/\/biogal.mx\/wp-content\/uploads\/2024\/03\/limpiador-multiusos-1-100x100.png",100,100,true]},"uagb_author_info":{"display_name":"biogal.mx","author_link":"https:\/\/biogal.mx\/?author=0"},"uagb_comment_info":0,"uagb_excerpt":"Elimina f\u00e1cilmente suciedad, manchas de grasa o aceite que se adhiere a cualquier tipo de superficie como maderas y laminados, m\u00e1rmol y granito, cocinas, patios oficinas, \u00e1reas p\u00fablicas, ba\u00f1os, hoteles y en general. Elimina f\u00e1cilmente los g\u00e9rmenes que se adhieren a cualquier tipos de superficie. Disponible en presentaci\u00f3n de porr\u00f3n de 20 litros.","jetpack_sharing_enabled":true,"_links":{"self":[{"href":"https:\/\/biogal.mx\/index.php?rest_route=\/wp\/v2\/product\/349","targetHints":{"allow":["GET"]}}],"collection":[{"href":"https:\/\/biogal.mx\/index.php?rest_route=\/wp\/v2\/product"}],"about":[{"href":"https:\/\/biogal.mx\/index.php?rest_route=\/wp\/v2\/types\/product"}],"replies":[{"embeddable":true,"href":"https:\/\/biogal.mx\/index.php?rest_route=%2Fwp%2Fv2%2Fcomments&post=349"}],"wp:featuredmedia":[{"embeddable":true,"href":"https:\/\/biogal.mx\/index.php?rest_route=\/wp\/v2\/media\/312"}],"wp:attachment":[{"href":"https:\/\/biogal.mx\/index.php?rest_route=%2Fwp%2Fv2%2Fmedia&parent=349"}],"wp:term":[{"taxonomy":"product_brand","embeddable":true,"href":"https:\/\/biogal.mx\/index.php?rest_route=%2Fwp%2Fv2%2Fproduct_brand&post=349"},{"taxonomy":"product_cat","embeddable":true,"href":"https:\/\/biogal.mx\/index.php?rest_route=%2Fwp%2Fv2%2Fproduct_cat&post=349"},{"taxonomy":"product_tag","embeddable":true,"href":"https:\/\/biogal.mx\/index.php?rest_route=%2Fwp%2Fv2%2Fproduct_tag&post=349"}],"curies":[{"name":"wp","href":"https:\/\/api.w.org\/{rel}","templated":true}]}}