{"id":344,"date":"2024-03-19T16:57:33","date_gmt":"2024-03-19T16:57:33","guid":{"rendered":"https:\/\/biogal.mx\/?post_type=product&#038;p=344"},"modified":"2024-03-19T16:57:33","modified_gmt":"2024-03-19T16:57:33","slug":"neutralizante-de-alcalis-y-cloro-p-5000-l","status":"publish","type":"product","link":"https:\/\/biogal.mx\/?product=neutralizante-de-alcalis-y-cloro-p-5000-l","title":{"rendered":"Neutralizante de \u00c1lcalis y Cloro P-5000-L"},"content":{"rendered":"<p>Tiene la propiedad de neutralizar residuos de alcalinidad y cloro en las \u00faltimas etapas del proceso de lavado. Evita agrisamiento y amarillamiento de prendas blancas. Disponible en presentaci\u00f3n de porr\u00f3n de 20 y 50 litros.<\/p>\n","protected":false},"excerpt":{"rendered":"<p>Evita agrisamiento y amarillamiento de prendas blancas. Disponible en presentaci\u00f3n de porr\u00f3n de 20 y 50 litros.<\/p>\n","protected":false},"featured_media":319,"comment_status":"open","ping_status":"closed","template":"","meta":{"_et_pb_use_builder":"","_et_pb_old_content":"","_et_gb_content_width":"","_uag_custom_page_level_css":"","_monsterinsights_skip_tracking":false,"_monsterinsights_sitenote_active":false,"_monsterinsights_sitenote_note":"","_monsterinsights_sitenote_category":0},"product_brand":[],"product_cat":[15],"product_tag":[],"class_list":{"0":"post-344","1":"product","2":"type-product","3":"status-publish","4":"has-post-thumbnail","6":"product_cat-lavanderia","8":"first","9":"instock","10":"shipping-taxable","11":"product-type-simple"},"aioseo_notices":[],"uagb_featured_image_src":{"full":["https:\/\/biogal.mx\/wp-content\/uploads\/2024\/03\/P-5000-L-neutralizante-de-alcalis-y-cloro.png",300,374,false],"thumbnail":["https:\/\/biogal.mx\/wp-content\/uploads\/2024\/03\/P-5000-L-neutralizante-de-alcalis-y-cloro-150x150.png",150,150,true],"medium":["https:\/\/biogal.mx\/wp-content\/uploads\/2024\/03\/P-5000-L-neutralizante-de-alcalis-y-cloro-241x300.png",241,300,true],"medium_large":["https:\/\/biogal.mx\/wp-content\/uploads\/2024\/03\/P-5000-L-neutralizante-de-alcalis-y-cloro.png",300,374,false],"large":["https:\/\/biogal.mx\/wp-content\/uploads\/2024\/03\/P-5000-L-neutralizante-de-alcalis-y-cloro.png",300,374,false],"1536x1536":["https:\/\/biogal.mx\/wp-content\/uploads\/2024\/03\/P-5000-L-neutralizante-de-alcalis-y-cloro.png",300,374,false],"2048x2048":["https:\/\/biogal.mx\/wp-content\/uploads\/2024\/03\/P-5000-L-neutralizante-de-alcalis-y-cloro.png",300,374,false],"et-pb-post-main-image":["https:\/\/biogal.mx\/wp-content\/uploads\/2024\/03\/P-5000-L-neutralizante-de-alcalis-y-cloro-300x250.png",300,250,true],"et-pb-post-main-image-fullwidth":["https:\/\/biogal.mx\/wp-content\/uploads\/2024\/03\/P-5000-L-neutralizante-de-alcalis-y-cloro.png",300,374,false],"et-pb-portfolio-image":["https:\/\/biogal.mx\/wp-content\/uploads\/2024\/03\/P-5000-L-neutralizante-de-alcalis-y-cloro-300x284.png",300,284,true],"et-pb-portfolio-module-image":["https:\/\/biogal.mx\/wp-content\/uploads\/2024\/03\/P-5000-L-neutralizante-de-alcalis-y-cloro.png",300,374,false],"et-pb-portfolio-image-single":["https:\/\/biogal.mx\/wp-content\/uploads\/2024\/03\/P-5000-L-neutralizante-de-alcalis-y-cloro.png",300,374,false],"et-pb-gallery-module-image-portrait":["https:\/\/biogal.mx\/wp-content\/uploads\/2024\/03\/P-5000-L-neutralizante-de-alcalis-y-cloro.png",300,374,false],"et-pb-post-main-image-fullwidth-large":["https:\/\/biogal.mx\/wp-content\/uploads\/2024\/03\/P-5000-L-neutralizante-de-alcalis-y-cloro.png",300,374,false],"et-pb-image--responsive--desktop":["https:\/\/biogal.mx\/wp-content\/uploads\/2024\/03\/P-5000-L-neutralizante-de-alcalis-y-cloro.png",300,374,false],"et-pb-image--responsive--tablet":["https:\/\/biogal.mx\/wp-content\/uploads\/2024\/03\/P-5000-L-neutralizante-de-alcalis-y-cloro.png",300,374,false],"et-pb-image--responsive--phone":["https:\/\/biogal.mx\/wp-content\/uploads\/2024\/03\/P-5000-L-neutralizante-de-alcalis-y-cloro.png",217,270,false],"woocommerce_thumbnail":["https:\/\/biogal.mx\/wp-content\/uploads\/2024\/03\/P-5000-L-neutralizante-de-alcalis-y-cloro-300x300.png",300,300,true],"woocommerce_single":["https:\/\/biogal.mx\/wp-content\/uploads\/2024\/03\/P-5000-L-neutralizante-de-alcalis-y-cloro.png",300,374,false],"woocommerce_gallery_thumbnail":["https:\/\/biogal.mx\/wp-content\/uploads\/2024\/03\/P-5000-L-neutralizante-de-alcalis-y-cloro-100x100.png",100,100,true]},"uagb_author_info":{"display_name":"biogal.mx","author_link":"https:\/\/biogal.mx\/?author=0"},"uagb_comment_info":0,"uagb_excerpt":"Evita agrisamiento y amarillamiento de prendas blancas. Disponible en presentaci\u00f3n de porr\u00f3n de 20 y 50 litros.","jetpack_sharing_enabled":true,"_links":{"self":[{"href":"https:\/\/biogal.mx\/index.php?rest_route=\/wp\/v2\/product\/344","targetHints":{"allow":["GET"]}}],"collection":[{"href":"https:\/\/biogal.mx\/index.php?rest_route=\/wp\/v2\/product"}],"about":[{"href":"https:\/\/biogal.mx\/index.php?rest_route=\/wp\/v2\/types\/product"}],"replies":[{"embeddable":true,"href":"https:\/\/biogal.mx\/index.php?rest_route=%2Fwp%2Fv2%2Fcomments&post=344"}],"wp:featuredmedia":[{"embeddable":true,"href":"https:\/\/biogal.mx\/index.php?rest_route=\/wp\/v2\/media\/319"}],"wp:attachment":[{"href":"https:\/\/biogal.mx\/index.php?rest_route=%2Fwp%2Fv2%2Fmedia&parent=344"}],"wp:term":[{"taxonomy":"product_brand","embeddable":true,"href":"https:\/\/biogal.mx\/index.php?rest_route=%2Fwp%2Fv2%2Fproduct_brand&post=344"},{"taxonomy":"product_cat","embeddable":true,"href":"https:\/\/biogal.mx\/index.php?rest_route=%2Fwp%2Fv2%2Fproduct_cat&post=344"},{"taxonomy":"product_tag","embeddable":true,"href":"https:\/\/biogal.mx\/index.php?rest_route=%2Fwp%2Fv2%2Fproduct_tag&post=344"}],"curies":[{"name":"wp","href":"https:\/\/api.w.org\/{rel}","templated":true}]}}