{"id":340,"date":"2024-03-19T16:02:04","date_gmt":"2024-03-19T16:02:04","guid":{"rendered":"https:\/\/biogal.mx\/?post_type=product&#038;p=340"},"modified":"2024-12-17T23:42:50","modified_gmt":"2024-12-17T23:42:50","slug":"blanqueador-oxigenado-p-4000-ox-l","status":"publish","type":"product","link":"https:\/\/biogal.mx\/?product=blanqueador-oxigenado-p-4000-ox-l","title":{"rendered":"Blanqueador Oxigenado P-4000-OX-L"},"content":{"rendered":"<p>Blanqueador a base de per\u00f3xido, \u00fatil en procesos de lavado donde se requiere blanquear, desmanchar y desinfectar. Por su alta concentraci\u00f3n, desinfecta, dejando cualquier superficie libre de bacterias. Disponible en presentaci\u00f3n de porr\u00f3n de 20 y 50 litros.<\/p>\n","protected":false},"excerpt":{"rendered":"<p>Blanqueador a base de per\u00f3xido. Por su alta concentraci\u00f3n, desinfecta, dejando cualquier superficie libre de bacterias. Disponible en presentaci\u00f3n de porr\u00f3n de 20 y 50 litros.<\/p>\n","protected":false},"featured_media":317,"comment_status":"open","ping_status":"closed","template":"","meta":{"_et_pb_use_builder":"","_et_pb_old_content":"","_et_gb_content_width":"","_uag_custom_page_level_css":"","_monsterinsights_skip_tracking":false,"_monsterinsights_sitenote_active":false,"_monsterinsights_sitenote_note":"","_monsterinsights_sitenote_category":0},"product_brand":[],"product_cat":[15],"product_tag":[],"class_list":{"0":"post-340","1":"product","2":"type-product","3":"status-publish","4":"has-post-thumbnail","6":"product_cat-lavanderia","8":"first","9":"instock","10":"shipping-taxable","11":"product-type-simple"},"aioseo_notices":[],"uagb_featured_image_src":{"full":["https:\/\/biogal.mx\/wp-content\/uploads\/2024\/03\/P-4000-OX-L-blanqueador-y-desinfectante-oxigenado.png",300,374,false],"thumbnail":["https:\/\/biogal.mx\/wp-content\/uploads\/2024\/03\/P-4000-OX-L-blanqueador-y-desinfectante-oxigenado-150x150.png",150,150,true],"medium":["https:\/\/biogal.mx\/wp-content\/uploads\/2024\/03\/P-4000-OX-L-blanqueador-y-desinfectante-oxigenado-241x300.png",241,300,true],"medium_large":["https:\/\/biogal.mx\/wp-content\/uploads\/2024\/03\/P-4000-OX-L-blanqueador-y-desinfectante-oxigenado.png",300,374,false],"large":["https:\/\/biogal.mx\/wp-content\/uploads\/2024\/03\/P-4000-OX-L-blanqueador-y-desinfectante-oxigenado.png",300,374,false],"1536x1536":["https:\/\/biogal.mx\/wp-content\/uploads\/2024\/03\/P-4000-OX-L-blanqueador-y-desinfectante-oxigenado.png",300,374,false],"2048x2048":["https:\/\/biogal.mx\/wp-content\/uploads\/2024\/03\/P-4000-OX-L-blanqueador-y-desinfectante-oxigenado.png",300,374,false],"et-pb-post-main-image":["https:\/\/biogal.mx\/wp-content\/uploads\/2024\/03\/P-4000-OX-L-blanqueador-y-desinfectante-oxigenado-300x250.png",300,250,true],"et-pb-post-main-image-fullwidth":["https:\/\/biogal.mx\/wp-content\/uploads\/2024\/03\/P-4000-OX-L-blanqueador-y-desinfectante-oxigenado.png",300,374,false],"et-pb-portfolio-image":["https:\/\/biogal.mx\/wp-content\/uploads\/2024\/03\/P-4000-OX-L-blanqueador-y-desinfectante-oxigenado-300x284.png",300,284,true],"et-pb-portfolio-module-image":["https:\/\/biogal.mx\/wp-content\/uploads\/2024\/03\/P-4000-OX-L-blanqueador-y-desinfectante-oxigenado.png",300,374,false],"et-pb-portfolio-image-single":["https:\/\/biogal.mx\/wp-content\/uploads\/2024\/03\/P-4000-OX-L-blanqueador-y-desinfectante-oxigenado.png",300,374,false],"et-pb-gallery-module-image-portrait":["https:\/\/biogal.mx\/wp-content\/uploads\/2024\/03\/P-4000-OX-L-blanqueador-y-desinfectante-oxigenado.png",300,374,false],"et-pb-post-main-image-fullwidth-large":["https:\/\/biogal.mx\/wp-content\/uploads\/2024\/03\/P-4000-OX-L-blanqueador-y-desinfectante-oxigenado.png",300,374,false],"et-pb-image--responsive--desktop":["https:\/\/biogal.mx\/wp-content\/uploads\/2024\/03\/P-4000-OX-L-blanqueador-y-desinfectante-oxigenado.png",300,374,false],"et-pb-image--responsive--tablet":["https:\/\/biogal.mx\/wp-content\/uploads\/2024\/03\/P-4000-OX-L-blanqueador-y-desinfectante-oxigenado.png",300,374,false],"et-pb-image--responsive--phone":["https:\/\/biogal.mx\/wp-content\/uploads\/2024\/03\/P-4000-OX-L-blanqueador-y-desinfectante-oxigenado.png",217,270,false],"woocommerce_thumbnail":["https:\/\/biogal.mx\/wp-content\/uploads\/2024\/03\/P-4000-OX-L-blanqueador-y-desinfectante-oxigenado-300x300.png",300,300,true],"woocommerce_single":["https:\/\/biogal.mx\/wp-content\/uploads\/2024\/03\/P-4000-OX-L-blanqueador-y-desinfectante-oxigenado.png",300,374,false],"woocommerce_gallery_thumbnail":["https:\/\/biogal.mx\/wp-content\/uploads\/2024\/03\/P-4000-OX-L-blanqueador-y-desinfectante-oxigenado-100x100.png",100,100,true]},"uagb_author_info":{"display_name":"biogal.mx","author_link":"https:\/\/biogal.mx\/?author=0"},"uagb_comment_info":1,"uagb_excerpt":"Blanqueador a base de per\u00f3xido. Por su alta concentraci\u00f3n, desinfecta, dejando cualquier superficie libre de bacterias. Disponible en presentaci\u00f3n de porr\u00f3n de 20 y 50 litros.","jetpack_sharing_enabled":true,"_links":{"self":[{"href":"https:\/\/biogal.mx\/index.php?rest_route=\/wp\/v2\/product\/340","targetHints":{"allow":["GET"]}}],"collection":[{"href":"https:\/\/biogal.mx\/index.php?rest_route=\/wp\/v2\/product"}],"about":[{"href":"https:\/\/biogal.mx\/index.php?rest_route=\/wp\/v2\/types\/product"}],"replies":[{"embeddable":true,"href":"https:\/\/biogal.mx\/index.php?rest_route=%2Fwp%2Fv2%2Fcomments&post=340"}],"wp:featuredmedia":[{"embeddable":true,"href":"https:\/\/biogal.mx\/index.php?rest_route=\/wp\/v2\/media\/317"}],"wp:attachment":[{"href":"https:\/\/biogal.mx\/index.php?rest_route=%2Fwp%2Fv2%2Fmedia&parent=340"}],"wp:term":[{"taxonomy":"product_brand","embeddable":true,"href":"https:\/\/biogal.mx\/index.php?rest_route=%2Fwp%2Fv2%2Fproduct_brand&post=340"},{"taxonomy":"product_cat","embeddable":true,"href":"https:\/\/biogal.mx\/index.php?rest_route=%2Fwp%2Fv2%2Fproduct_cat&post=340"},{"taxonomy":"product_tag","embeddable":true,"href":"https:\/\/biogal.mx\/index.php?rest_route=%2Fwp%2Fv2%2Fproduct_tag&post=340"}],"curies":[{"name":"wp","href":"https:\/\/api.w.org\/{rel}","templated":true}]}}