{"id":67,"date":"2024-03-15T02:27:36","date_gmt":"2024-03-15T02:27:36","guid":{"rendered":"https:\/\/biogal.mx\/?page_id=67"},"modified":"2024-03-23T17:01:22","modified_gmt":"2024-03-23T17:01:22","slug":"nosotros","status":"publish","type":"page","link":"https:\/\/biogal.mx\/?page_id=67","title":{"rendered":"Nosotros"},"content":{"rendered":"<p>[et_pb_section fb_built=\u00bb1&#8243; admin_label=\u00bbHeader\u00bb _builder_version=\u00bb4.24.2&#8243; use_background_color_gradient=\u00bboff\u00bb custom_padding=\u00bb0|0px|54px|0px|false|false\u00bb global_colors_info=\u00bb{}\u00bb][et_pb_row column_structure=\u00bb2_3,1_3&#8243; _builder_version=\u00bb4.16&#8243; custom_padding=\u00bb0|0px|27px|0px|false|false\u00bb global_colors_info=\u00bb{}\u00bb][et_pb_column type=\u00bb2_3&#8243; _builder_version=\u00bb4.16&#8243; custom_padding=\u00bb|||\u00bb global_colors_info=\u00bb{}\u00bb custom_padding__hover=\u00bb|||\u00bb][et_pb_image src=\u00bbhttps:\/\/biogal.mx\/wp-content\/uploads\/2024\/03\/banner-jabon-para-manos.png\u00bb title_text=\u00bbbanner-jabon-para-manos\u00bb align_tablet=\u00bbcenter\u00bb align_phone=\u00bbcenter\u00bb align_last_edited=\u00bbon|desktop\u00bb _builder_version=\u00bb4.24.2&#8243; custom_margin=\u00bb|-10vw|80px|\u00bb locked=\u00bboff\u00bb global_colors_info=\u00bb{}\u00bb][\/et_pb_image][et_pb_text _builder_version=\u00bb4.24.2&#8243; text_font=\u00bb||||||||\u00bb text_line_height=\u00bb2em\u00bb header_font=\u00bbPatua One||||||||\u00bb header_font_size=\u00bb70px\u00bb header_line_height=\u00bb1.2em\u00bb header_2_font=\u00bbPatua One|600|||||||\u00bb header_2_font_size=\u00bb36px\u00bb header_2_line_height=\u00bb1.4em\u00bb header_3_font=\u00bb||||||||\u00bb header_4_font=\u00bbPatua One|||on|||||\u00bb header_4_text_color=\u00bb#a06d51&#8243; header_4_font_size=\u00bb14px\u00bb header_4_letter_spacing=\u00bb1px\u00bb header_4_line_height=\u00bb1.4em\u00bb custom_margin=\u00bb||10px\u00bb header_font_size_tablet=\u00bb40px\u00bb header_font_size_phone=\u00bb\u00bb header_font_size_last_edited=\u00bbon|tablet\u00bb header_2_font_size_tablet=\u00bb26px\u00bb header_2_font_size_phone=\u00bb20px\u00bb header_2_font_size_last_edited=\u00bbon|phone\u00bb locked=\u00bboff\u00bb global_colors_info=\u00bb{}\u00bb]<\/p>\n<h4>Comprometidos desde el 2001<\/h4>\n<p>[\/et_pb_text][et_pb_image src=\u00bbhttps:\/\/biogal.mx\/wp-content\/uploads\/2024\/03\/ecologico.png\u00bb title_text=\u00bbecologico\u00bb _builder_version=\u00bb4.24.2&#8243; width=\u00bb13%\u00bb custom_margin=\u00bb-31px||0px||false|false\u00bb always_center_on_mobile=\u00bboff\u00bb locked=\u00bboff\u00bb global_colors_info=\u00bb{}\u00bb][\/et_pb_image][et_pb_text _builder_version=\u00bb4.24.2&#8243; text_font=\u00bb||||||||\u00bb text_font_size=\u00bb16px\u00bb text_line_height=\u00bb2em\u00bb header_font=\u00bbPatua One||||||||\u00bb header_font_size=\u00bb70px\u00bb header_line_height=\u00bb1.2em\u00bb header_2_font=\u00bbPatua One|600|||||||\u00bb header_2_font_size=\u00bb36px\u00bb header_2_line_height=\u00bb1.4em\u00bb header_3_font=\u00bb||||||||\u00bb header_4_font=\u00bbPatua One|||on|||||\u00bb header_4_text_color=\u00bb#a06d51&#8243; header_4_font_size=\u00bb14px\u00bb header_4_letter_spacing=\u00bb1px\u00bb header_4_line_height=\u00bb1.4em\u00bb max_width=\u00bb500px\u00bb header_font_size_tablet=\u00bb40px\u00bb header_font_size_phone=\u00bb\u00bb header_font_size_last_edited=\u00bbon|tablet\u00bb header_2_font_size_tablet=\u00bb26px\u00bb header_2_font_size_phone=\u00bb20px\u00bb header_2_font_size_last_edited=\u00bbon|phone\u00bb locked=\u00bboff\u00bb global_colors_info=\u00bb{}\u00bb]<\/p>\n<h1>Soluciones especializadas<\/h1>\n<p style=\"text-align: justify;\">Contamos con 23 a\u00f1os de experiencia brindando soluciones de limpieza dise\u00f1adas y basadas en las necesidades de nuestros clientes, siempre comprometidos con la conservaci\u00f3n de los recursos naturales, por lo cual nuestros productos son 100% BIODEGRADABLES<\/p>\n<p>[\/et_pb_text][et_pb_button button_url=\u00bbhttps:\/\/biogal.mx\/?page_id=62&#8243; button_text=\u00bbSOLICITA UNA COTIZACI\u00d3N\u00bb button_alignment=\u00bbleft\u00bb _builder_version=\u00bb4.24.2&#8243; custom_button=\u00bbon\u00bb button_text_size=\u00bb14px\u00bb button_text_color=\u00bb#ffffff\u00bb button_bg_color=\u00bb#3d89bb\u00bb button_border_width=\u00bb0px\u00bb button_border_radius=\u00bb0px\u00bb button_letter_spacing=\u00bb1px\u00bb button_font=\u00bbPT Sans|700||on|||||\u00bb button_icon=\u00bb&#x24;||divi||400&#8243; button_on_hover=\u00bboff\u00bb custom_margin=\u00bb|||||false\u00bb custom_padding=\u00bb16px|40px|16px|20px|true|false\u00bb locked=\u00bboff\u00bb global_colors_info=\u00bb{}\u00bb][\/et_pb_button][\/et_pb_column][et_pb_column type=\u00bb1_3&#8243; _builder_version=\u00bb4.16&#8243; custom_padding=\u00bb|||\u00bb global_colors_info=\u00bb{}\u00bb custom_padding__hover=\u00bb|||\u00bb][et_pb_image src=\u00bbhttps:\/\/biogal.mx\/wp-content\/uploads\/2024\/03\/banner-verde.png\u00bb title_text=\u00bbbanner-verde\u00bb align=\u00bbright\u00bb _builder_version=\u00bb4.24.2&#8243; background_image=\u00bbhttps:\/\/biogal.mx\/wp-content\/uploads\/2024\/03\/biogal-cervecero-b.jpg\u00bb parallax=\u00bbon\u00bb max_width_tablet=\u00bb100px\u00bb max_width_phone=\u00bb\u00bb max_width_last_edited=\u00bbon|tablet\u00bb custom_margin=\u00bb-20vw|-10vw|-16vw|\u00bb custom_margin_tablet=\u00bb|||\u00bb custom_margin_phone=\u00bb\u00bb custom_margin_last_edited=\u00bbon|tablet\u00bb animation_style=\u00bbslide\u00bb animation_direction=\u00bbbottom\u00bb animation_intensity_slide=\u00bb10%\u00bb always_center_on_mobile=\u00bboff\u00bb locked=\u00bboff\u00bb global_colors_info=\u00bb{}\u00bb][\/et_pb_image][\/et_pb_column][\/et_pb_row][\/et_pb_section][et_pb_section fb_built=\u00bb1&#8243; specialty=\u00bbon\u00bb admin_label=\u00bbAbout\u00bb _builder_version=\u00bb4.16&#8243; global_colors_info=\u00bb{}\u00bb][et_pb_column type=\u00bb1_3&#8243; _builder_version=\u00bb4.16&#8243; custom_padding=\u00bb|||\u00bb global_colors_info=\u00bb{}\u00bb custom_padding__hover=\u00bb|||\u00bb][et_pb_image src=\u00bbhttps:\/\/biogal.mx\/wp-content\/uploads\/2024\/03\/banner-burbujas.png\u00bb title_text=\u00bbhoteleria\u00bb url=\u00bbhttps:\/\/biogal.mx\/?page_id=393&#8243; align=\u00bbright\u00bb _builder_version=\u00bb4.24.2&#8243; background_image=\u00bbhttps:\/\/biogal.mx\/wp-content\/uploads\/2024\/03\/hoteleria.jpg\u00bb background_size=\u00bbcontain\u00bb background_position=\u00bbcenter_left\u00bb background_horizontal_offset=\u00bb0%\u00bb max_width_tablet=\u00bb100px\u00bb max_width_phone=\u00bb\u00bb max_width_last_edited=\u00bbon|tablet\u00bb custom_margin=\u00bb|||-10vw\u00bb custom_margin_tablet=\u00bb|||\u00bb custom_margin_phone=\u00bb\u00bb custom_margin_last_edited=\u00bbon|tablet\u00bb animation_style=\u00bbslide\u00bb animation_direction=\u00bbbottom\u00bb animation_intensity_slide=\u00bb10%\u00bb always_center_on_mobile=\u00bboff\u00bb locked=\u00bboff\u00bb global_colors_info=\u00bb{}\u00bb][\/et_pb_image][\/et_pb_column][et_pb_column type=\u00bb2_3&#8243; specialty_columns=\u00bb2&#8243; _builder_version=\u00bb4.16&#8243; custom_padding=\u00bb|||\u00bb global_colors_info=\u00bb{}\u00bb custom_padding__hover=\u00bb|||\u00bb][et_pb_row_inner _builder_version=\u00bb4.16&#8243; global_colors_info=\u00bb{}\u00bb][et_pb_column_inner saved_specialty_column_type=\u00bb2_3&#8243; _builder_version=\u00bb4.16&#8243; custom_padding=\u00bb|||\u00bb global_colors_info=\u00bb{}\u00bb custom_padding__hover=\u00bb|||\u00bb][et_pb_image src=\u00bbhttps:\/\/biogal.mx\/wp-content\/uploads\/2024\/03\/banner-beer-factory.png\u00bb title_text=\u00bbbanner-beer-factory\u00bb url=\u00bbhttps:\/\/biogal.mx\/?page_id=390&#8243; disabled_on=\u00bbon|on|off\u00bb _builder_version=\u00bb4.24.2&#8243; always_center_on_mobile=\u00bboff\u00bb global_colors_info=\u00bb{}\u00bb][\/et_pb_image][et_pb_text _builder_version=\u00bb4.24.2&#8243; text_font=\u00bb||||||||\u00bb text_line_height=\u00bb2em\u00bb header_font=\u00bb||||||||\u00bb header_2_font=\u00bbPatua One|600|||||||\u00bb header_2_font_size=\u00bb36px\u00bb header_2_line_height=\u00bb1.4em\u00bb header_3_font=\u00bb||||||||\u00bb header_4_font=\u00bbPatua One|||on|||||\u00bb header_4_text_color=\u00bb#a06d51&#8243; header_4_font_size=\u00bb14px\u00bb header_4_letter_spacing=\u00bb1px\u00bb header_4_line_height=\u00bb1.4em\u00bb header_2_font_size_tablet=\u00bb26px\u00bb header_2_font_size_phone=\u00bb20px\u00bb header_2_font_size_last_edited=\u00bbon|phone\u00bb locked=\u00bboff\u00bb global_colors_info=\u00bb{}\u00bb]<\/p>\n<h4>Nacimos en el 2001<\/h4>\n<h2>Somos una empresa Mexicana con 23 a\u00f1os de experiencia brindando soluciones de limpieza con productos Biodegradables<\/h2>\n<p>[\/et_pb_text][et_pb_text _builder_version=\u00bb4.24.2&#8243; text_font=\u00bb||||||||\u00bb text_line_height=\u00bb2em\u00bb header_font=\u00bb||||||||\u00bb header_2_font=\u00bbPatua One|600|||||||\u00bb header_2_line_height=\u00bb1.4em\u00bb header_3_font=\u00bb||||||||\u00bb header_4_font=\u00bbPatua One|||on|||||\u00bb header_4_text_color=\u00bb#a06d51&#8243; header_4_font_size=\u00bb14px\u00bb header_4_letter_spacing=\u00bb1px\u00bb header_4_line_height=\u00bb1.4em\u00bb locked=\u00bboff\u00bb global_colors_info=\u00bb{}\u00bb]<\/p>\n<p style=\"text-align: justify;\">Nuestra ventaja competitiva es ofrecer un servicio de calidad a nuestros clientes elaborando productos de limpieza biodagradables con las mejores materias primas, dise\u00f1adas y basadas en las necesidades de nuestros clientes, siempre comprometidos con el medio ambiente.<\/p>\n<p style=\"text-align: justify;\">En BIOGAL, lo m\u00e1s importante son las personas. Trabajamos con el prop\u00f3sito de ser una empresa rentable, eficiente, siempre cuidadosa de su recurso m\u00e1s valioso, el agua. Nuestros productos y servicios se enfocan en el bienestar de las personas, manteniendo los ambientes de trabajo, descanso, salud y entretenimiento; higi\u00e9nicos y saludables.<\/p>\n<p>[\/et_pb_text][\/et_pb_column_inner][\/et_pb_row_inner][et_pb_row_inner column_structure=\u00bb1_2,1_2&#8243; _builder_version=\u00bb4.16&#8243; global_colors_info=\u00bb{}\u00bb][et_pb_column_inner type=\u00bb1_2&#8243; saved_specialty_column_type=\u00bb2_3&#8243; _builder_version=\u00bb4.16&#8243; custom_padding=\u00bb|||\u00bb global_colors_info=\u00bb{}\u00bb custom_padding__hover=\u00bb|||\u00bb][et_pb_text _builder_version=\u00bb4.24.2&#8243; text_font=\u00bb||||||||\u00bb text_line_height=\u00bb2em\u00bb header_font=\u00bb||||||||\u00bb header_2_font=\u00bbPatua One|600|||||||\u00bb header_2_font_size=\u00bb36px\u00bb header_2_line_height=\u00bb1.4em\u00bb header_3_font=\u00bbPatua One|600||on|||||\u00bb header_3_font_size=\u00bb16px\u00bb header_3_letter_spacing=\u00bb1px\u00bb header_3_line_height=\u00bb1.4em\u00bb header_4_font=\u00bbPatua One|||on|||||\u00bb header_4_text_color=\u00bb#a06d51&#8243; header_4_font_size=\u00bb14px\u00bb header_4_letter_spacing=\u00bb1px\u00bb header_4_line_height=\u00bb1.4em\u00bb header_2_font_size_tablet=\u00bb26px\u00bb header_2_font_size_phone=\u00bb20px\u00bb header_2_font_size_last_edited=\u00bbon|phone\u00bb header_3_font_size_phone=\u00bb16px\u00bb header_3_font_size_last_edited=\u00bboff|phone\u00bb locked=\u00bboff\u00bb global_colors_info=\u00bb{}\u00bb]<\/p>\n<h3>Atenci\u00f3n Personalizada<\/h3>\n<p style=\"text-align: justify;\">Contamos con asesores altamente calificados para brindarte el mejor servicio y atenci\u00f3n.<\/p>\n<p>[\/et_pb_text][\/et_pb_column_inner][et_pb_column_inner type=\u00bb1_2&#8243; saved_specialty_column_type=\u00bb2_3&#8243; _builder_version=\u00bb4.16&#8243; custom_padding=\u00bb|||\u00bb global_colors_info=\u00bb{}\u00bb custom_padding__hover=\u00bb|||\u00bb][et_pb_text _builder_version=\u00bb4.24.2&#8243; text_font=\u00bb||||||||\u00bb text_line_height=\u00bb2em\u00bb header_font=\u00bb||||||||\u00bb header_2_font=\u00bbPatua One|600|||||||\u00bb header_2_font_size=\u00bb36px\u00bb header_2_line_height=\u00bb1.4em\u00bb header_3_font=\u00bbPatua One|600||on|||||\u00bb header_3_font_size=\u00bb16px\u00bb header_3_letter_spacing=\u00bb1px\u00bb header_3_line_height=\u00bb1.4em\u00bb header_4_font=\u00bbPatua One|||on|||||\u00bb header_4_text_color=\u00bb#a06d51&#8243; header_4_font_size=\u00bb14px\u00bb header_4_letter_spacing=\u00bb1px\u00bb header_4_line_height=\u00bb1.4em\u00bb header_5_font=\u00bb||||||||\u00bb header_2_font_size_tablet=\u00bb26px\u00bb header_2_font_size_phone=\u00bb20px\u00bb header_2_font_size_last_edited=\u00bbon|phone\u00bb header_3_font_size_phone=\u00bb16px\u00bb header_3_font_size_last_edited=\u00bboff|phone\u00bb locked=\u00bboff\u00bb global_colors_info=\u00bb{}\u00bb]<\/p>\n<h3>Soluciones<\/h3>\n<p>Contamos con un amplio surtido de productos especializados para brindar soluciones de limpieza y sanitizaci\u00f3n a tu negocio.<\/p>\n<p>[\/et_pb_text][\/et_pb_column_inner][\/et_pb_row_inner][\/et_pb_column][\/et_pb_section][et_pb_section fb_built=\u00bb1&#8243; admin_label=\u00bbProcess\u00bb _builder_version=\u00bb4.24.2&#8243; use_background_color_gradient=\u00bboff\u00bb global_colors_info=\u00bb{}\u00bb][et_pb_row column_structure=\u00bb1_3,1_3,1_3&#8243; _builder_version=\u00bb4.16&#8243; global_colors_info=\u00bb{}\u00bb][et_pb_column type=\u00bb1_3&#8243; _builder_version=\u00bb4.16&#8243; custom_padding=\u00bb|||\u00bb global_colors_info=\u00bb{}\u00bb custom_padding__hover=\u00bb|||\u00bb][et_pb_image src=\u00bbhttps:\/\/biogal.mx\/wp-content\/uploads\/2024\/03\/formula.png\u00bb title_text=\u00bbformula\u00bb _builder_version=\u00bb4.24.2&#8243; width=\u00bb37%\u00bb always_center_on_mobile=\u00bboff\u00bb global_colors_info=\u00bb{}\u00bb][\/et_pb_image][et_pb_text _builder_version=\u00bb4.24.2&#8243; text_font=\u00bb||||||||\u00bb text_line_height=\u00bb2em\u00bb header_font=\u00bb||||||||\u00bb header_2_font=\u00bbPatua One|600|||||||\u00bb header_2_font_size=\u00bb36px\u00bb header_2_line_height=\u00bb1.4em\u00bb header_3_font=\u00bbPatua One|600||on|||||\u00bb header_3_font_size=\u00bb16px\u00bb header_3_letter_spacing=\u00bb1px\u00bb header_3_line_height=\u00bb1.4em\u00bb header_4_font=\u00bbPatua One|||on|||||\u00bb header_4_text_color=\u00bb#a06d51&#8243; header_4_font_size=\u00bb14px\u00bb header_4_letter_spacing=\u00bb1px\u00bb header_4_line_height=\u00bb1.4em\u00bb header_2_font_size_tablet=\u00bb26px\u00bb header_2_font_size_phone=\u00bb20px\u00bb header_2_font_size_last_edited=\u00bbon|phone\u00bb header_3_font_size_phone=\u00bb16px\u00bb header_3_font_size_last_edited=\u00bboff|phone\u00bb locked=\u00bboff\u00bb global_colors_info=\u00bb{}\u00bb]<\/p>\n<h3>Efectividad<\/h3>\n<p>Nuestros productos y servicios han satisfecho las necesidades de nuestros clientes a lo largo de estos 23 a\u00f1os. Prueba de ello es que seguimos vigentes en el mercado especializado.<\/p>\n<p>[\/et_pb_text][\/et_pb_column][et_pb_column type=\u00bb1_3&#8243; _builder_version=\u00bb4.16&#8243; custom_padding=\u00bb|||\u00bb global_colors_info=\u00bb{}\u00bb custom_padding__hover=\u00bb|||\u00bb][et_pb_image src=\u00bbhttps:\/\/biogal.mx\/wp-content\/uploads\/2024\/03\/biogal-brew-1-final.jpg\u00bb title_text=\u00bbbiogal brew 1 final\u00bb _builder_version=\u00bb4.24.2&#8243; width=\u00bb64%\u00bb always_center_on_mobile=\u00bboff\u00bb global_colors_info=\u00bb{}\u00bb][\/et_pb_image][et_pb_text _builder_version=\u00bb4.24.2&#8243; text_font=\u00bb||||||||\u00bb text_line_height=\u00bb2em\u00bb header_font=\u00bb||||||||\u00bb header_2_font=\u00bbPatua One|600|||||||\u00bb header_2_font_size=\u00bb36px\u00bb header_2_line_height=\u00bb1.4em\u00bb header_3_font=\u00bbPatua One|600||on|||||\u00bb header_3_font_size=\u00bb16px\u00bb header_3_letter_spacing=\u00bb1px\u00bb header_3_line_height=\u00bb1.4em\u00bb header_4_font=\u00bbPatua One|||on|||||\u00bb header_4_text_color=\u00bb#a06d51&#8243; header_4_font_size=\u00bb14px\u00bb header_4_letter_spacing=\u00bb1px\u00bb header_4_line_height=\u00bb1.4em\u00bb header_2_font_size_tablet=\u00bb26px\u00bb header_2_font_size_phone=\u00bb20px\u00bb header_2_font_size_last_edited=\u00bbon|phone\u00bb header_3_font_size_phone=\u00bb16px\u00bb header_3_font_size_last_edited=\u00bboff|phone\u00bb locked=\u00bboff\u00bb global_colors_info=\u00bb{}\u00bb]<\/p>\n<h3>Perseverancia<\/h3>\n<p style=\"text-align: justify;\">Somos un equipo automotivado, positivo, con el reto de resolver de la mejor forma los retos del d\u00eda a d\u00eda. Nos inspira lo justo, hacer lo correcto, siempre dando nuestro m\u00e1ximo esfuerzo.<\/p>\n<p>[\/et_pb_text][\/et_pb_column][et_pb_column type=\u00bb1_3&#8243; _builder_version=\u00bb4.16&#8243; custom_padding=\u00bb|||\u00bb global_colors_info=\u00bb{}\u00bb custom_padding__hover=\u00bb|||\u00bb][et_pb_image src=\u00bbhttps:\/\/biogal.mx\/wp-content\/uploads\/2024\/03\/garantia.png\u00bb title_text=\u00bbgarantia\u00bb _builder_version=\u00bb4.24.2&#8243; width=\u00bb35%\u00bb always_center_on_mobile=\u00bboff\u00bb global_colors_info=\u00bb{}\u00bb][\/et_pb_image][et_pb_text _builder_version=\u00bb4.24.2&#8243; text_font=\u00bb||||||||\u00bb text_line_height=\u00bb2em\u00bb header_font=\u00bb||||||||\u00bb header_2_font=\u00bbPatua One|600|||||||\u00bb header_2_font_size=\u00bb36px\u00bb header_2_line_height=\u00bb1.4em\u00bb header_3_font=\u00bbPatua One|600||on|||||\u00bb header_3_font_size=\u00bb16px\u00bb header_3_letter_spacing=\u00bb1px\u00bb header_3_line_height=\u00bb1.4em\u00bb header_4_font=\u00bbPatua One|||on|||||\u00bb header_4_text_color=\u00bb#a06d51&#8243; header_4_font_size=\u00bb14px\u00bb header_4_letter_spacing=\u00bb1px\u00bb header_4_line_height=\u00bb1.4em\u00bb header_2_font_size_tablet=\u00bb26px\u00bb header_2_font_size_phone=\u00bb20px\u00bb header_2_font_size_last_edited=\u00bbon|phone\u00bb header_3_font_size_phone=\u00bb16px\u00bb header_3_font_size_last_edited=\u00bboff|phone\u00bb locked=\u00bboff\u00bb global_colors_info=\u00bb{}\u00bb]<\/p>\n<h3>Calidad<\/h3>\n<p style=\"text-align: justify;\">Nuestros productos se rigen por normas y est\u00e1ndares de calidad, por lo que nuestros productos los elaboramos con las mejores materias primas, la sustentabilidad es nuestra base.<\/p>\n<p>[\/et_pb_text][\/et_pb_column][\/et_pb_row][\/et_pb_section]<\/p>\n","protected":false},"excerpt":{"rendered":"<p>Comprometidos desde el 2001Soluciones especializadas Contamos con 23 a\u00f1os de experiencia brindando soluciones de limpieza dise\u00f1adas y basadas en las necesidades de nuestros clientes, siempre comprometidos con la conservaci\u00f3n de los recursos naturales, por lo cual nuestros productos son 100% BIODEGRADABLESNacimos en el 2001 Somos una empresa Mexicana con 23 a\u00f1os de experiencia brindando soluciones [&hellip;]<\/p>\n","protected":false},"author":1,"featured_media":0,"parent":0,"menu_order":0,"comment_status":"closed","ping_status":"closed","template":"","meta":{"_et_pb_use_builder":"on","_et_pb_old_content":"","_et_gb_content_width":"","_uag_custom_page_level_css":"","_monsterinsights_skip_tracking":false,"_monsterinsights_sitenote_active":false,"_monsterinsights_sitenote_note":"","_monsterinsights_sitenote_category":0,"footnotes":""},"class_list":["post-67","page","type-page","status-publish","hentry"],"aioseo_notices":[],"uagb_featured_image_src":{"full":false,"thumbnail":false,"medium":false,"medium_large":false,"large":false,"1536x1536":false,"2048x2048":false,"et-pb-post-main-image":false,"et-pb-post-main-image-fullwidth":false,"et-pb-portfolio-image":false,"et-pb-portfolio-module-image":false,"et-pb-portfolio-image-single":false,"et-pb-gallery-module-image-portrait":false,"et-pb-post-main-image-fullwidth-large":false,"et-pb-image--responsive--desktop":false,"et-pb-image--responsive--tablet":false,"et-pb-image--responsive--phone":false,"woocommerce_thumbnail":false,"woocommerce_single":false,"woocommerce_gallery_thumbnail":false},"uagb_author_info":{"display_name":"biogal.mx","author_link":"https:\/\/biogal.mx\/?author=1"},"uagb_comment_info":0,"uagb_excerpt":"Comprometidos desde el 2001Soluciones especializadas Contamos con 23 a\u00f1os de experiencia brindando soluciones de limpieza dise\u00f1adas y basadas en las necesidades de nuestros clientes, siempre comprometidos con la conservaci\u00f3n de los recursos naturales, por lo cual nuestros productos son 100% BIODEGRADABLESNacimos en el 2001 Somos una empresa Mexicana con 23 a\u00f1os de experiencia brindando soluciones&hellip;","jetpack_sharing_enabled":true,"_links":{"self":[{"href":"https:\/\/biogal.mx\/index.php?rest_route=\/wp\/v2\/pages\/67","targetHints":{"allow":["GET"]}}],"collection":[{"href":"https:\/\/biogal.mx\/index.php?rest_route=\/wp\/v2\/pages"}],"about":[{"href":"https:\/\/biogal.mx\/index.php?rest_route=\/wp\/v2\/types\/page"}],"author":[{"embeddable":true,"href":"https:\/\/biogal.mx\/index.php?rest_route=\/wp\/v2\/users\/1"}],"replies":[{"embeddable":true,"href":"https:\/\/biogal.mx\/index.php?rest_route=%2Fwp%2Fv2%2Fcomments&post=67"}],"version-history":[{"count":12,"href":"https:\/\/biogal.mx\/index.php?rest_route=\/wp\/v2\/pages\/67\/revisions"}],"predecessor-version":[{"id":466,"href":"https:\/\/biogal.mx\/index.php?rest_route=\/wp\/v2\/pages\/67\/revisions\/466"}],"wp:attachment":[{"href":"https:\/\/biogal.mx\/index.php?rest_route=%2Fwp%2Fv2%2Fmedia&parent=67"}],"curies":[{"name":"wp","href":"https:\/\/api.w.org\/{rel}","templated":true}]}}